{"id":38,"date":"2019-09-01T00:51:57","date_gmt":"2019-08-31T22:51:57","guid":{"rendered":"https:\/\/heidenzorn.omasiso.de\/stuff\/?page_id=38"},"modified":"2020-04-03T20:40:11","modified_gmt":"2020-04-03T18:40:11","slug":"erich-ludendorff","status":"publish","type":"page","link":"https:\/\/heidenzorn.omasiso.de\/stuff\/index.php\/erich-ludendorff\/","title":{"rendered":"Aufkl\u00e4rung Freimaurerei"},"content":{"rendered":"\n<p><br>Ludendorffs Aufkl\u00e4rung \u00fcber Freimaurerei als Podcast von einer professionellen Schauspielerin ein gesprochen. Wer lieber das Buch lesen m\u00f6chte: ich selbst habe mir einst die M\u00fche gemacht den ersten Teil von Fraktur-Bilddateien zu Latin-Schrift zu konvertieren.  <a href=\"https:\/\/archive.org\/details\/VernichtungDerFreimaurereiDurchEnthllungIhrerGeheimnisse\">1.Teil Vernichtung der Freimaurerei als Buch. <\/a><\/p>\n\n\n\n<h3 class=\"wp-block-heading\">1. Teil: Vernichtung der Freimaurerei durch Enth\u00fcllung ihrer Geheimnisse.<\/h3>\n\n\n\n<figure class=\"wp-block-embed-youtube wp-block-embed is-type-video is-provider-youtube wp-embed-aspect-16-9 wp-has-aspect-ratio\"><div class=\"wp-block-embed__wrapper\">\n<div class=\"epyt-video-wrapper\"><iframe loading=\"lazy\"  id=\"_ytid_82118\"  width=\"860\" height=\"484\"  data-origwidth=\"860\" data-origheight=\"484\" src=\"https:\/\/www.youtube.com\/embed\/EkIZmw-ok_0?enablejsapi=1&#038;autoplay=0&#038;cc_load_policy=0&#038;cc_lang_pref=&#038;iv_load_policy=1&#038;loop=0&#038;rel=1&#038;fs=1&#038;playsinline=0&#038;autohide=2&#038;theme=dark&#038;color=red&#038;controls=1&#038;disablekb=0&#038;\" class=\"__youtube_prefs__  epyt-is-override  no-lazyload\" title=\"YouTube player\"  allow=\"fullscreen; accelerometer; autoplay; clipboard-write; encrypted-media; gyroscope; picture-in-picture; web-share\" referrerpolicy=\"strict-origin-when-cross-origin\" allowfullscreen data-no-lazy=\"1\" data-skipgform_ajax_framebjll=\"\"><\/iframe><\/div>\n<\/div><figcaption>von einer professionellen Schauspielerin vorgelesenes H\u00f6rbuch  auf youtube<\/figcaption><\/figure>\n\n\n\n<h3 class=\"wp-block-heading\">2. Teil: 150 Jahre Kriegshetze und V\u00f6lkermorden<\/h3>\n\n\n\n<figure class=\"wp-block-embed-youtube wp-block-embed is-type-video is-provider-youtube wp-embed-aspect-16-9 wp-has-aspect-ratio\"><div class=\"wp-block-embed__wrapper\">\n<div class=\"epyt-video-wrapper\"><iframe loading=\"lazy\"  id=\"_ytid_99290\"  width=\"860\" height=\"484\"  data-origwidth=\"860\" data-origheight=\"484\" src=\"https:\/\/www.youtube.com\/embed\/ZJIt35Up2gg?enablejsapi=1&#038;autoplay=0&#038;cc_load_policy=0&#038;cc_lang_pref=&#038;iv_load_policy=1&#038;loop=0&#038;rel=1&#038;fs=1&#038;playsinline=0&#038;autohide=2&#038;theme=dark&#038;color=red&#038;controls=1&#038;disablekb=0&#038;\" class=\"__youtube_prefs__  epyt-is-override  no-lazyload\" title=\"YouTube player\"  allow=\"fullscreen; accelerometer; autoplay; clipboard-write; encrypted-media; gyroscope; picture-in-picture; web-share\" referrerpolicy=\"strict-origin-when-cross-origin\" allowfullscreen data-no-lazy=\"1\" data-skipgform_ajax_framebjll=\"\"><\/iframe><\/div>\n<\/div><figcaption>Von einer Schauspielerin professionell vorgelesenes H\u00f6rbuch auf youtube.<\/figcaption><\/figure>\n\n\n\n<h4 class=\"wp-block-heading\">Weiterf\u00fchrende Links zu Ausz\u00fcgen aus dem Buch &#8222;Vernichtung der Freimaurerei durch Enth\u00fcllung ihrer Geheimnisse&#8220; auf diesem Blog.<\/h4>\n\n\n\n<figure class=\"wp-block-embed-wordpress wp-block-embed is-type-wp-embed is-provider-heiden-zorn\"><div class=\"wp-block-embed__wrapper\">\n<blockquote class=\"wp-embedded-content\" data-secret=\"uvMEwFBBHJ\"><a href=\"https:\/\/heidenzorn.omasiso.de\/stuff\/index.php\/2020\/02\/28\/freimaurer-sprachgebrauch\/\">Freimaurer Sprachgebrauch<\/a><\/blockquote><iframe loading=\"lazy\" class=\"wp-embedded-content\" sandbox=\"allow-scripts\" security=\"restricted\" style=\"position: absolute; clip: rect(1px, 1px, 1px, 1px);\" title=\"&#8222;Freimaurer Sprachgebrauch&#8220; &#8212; Heidenzorn\" src=\"https:\/\/heidenzorn.omasiso.de\/stuff\/index.php\/2020\/02\/28\/freimaurer-sprachgebrauch\/embed\/#?secret=D3d8JIg8VD#?secret=uvMEwFBBHJ\" data-secret=\"uvMEwFBBHJ\" width=\"600\" height=\"338\" frameborder=\"0\" marginwidth=\"0\" marginheight=\"0\" scrolling=\"no\"><\/iframe>\n<\/div><\/figure>\n","protected":false},"excerpt":{"rendered":"<p>Ludendorffs Aufkl\u00e4rung \u00fcber Freimaurerei als Podcast von einer professionellen Schauspielerin ein gesprochen. Wer lieber das Buch lesen m\u00f6chte: ich selbst habe mir einst die M\u00fche gemacht den ersten Teil von Fraktur-Bilddateien zu Latin-Schrift zu konvertieren. 1.Teil Vernichtung der Freimaurerei als Buch. 1. Teil: Vernichtung der Freimaurerei durch Enth\u00fcllung ihrer Geheimnisse. 2. Teil: 150 Jahre Kriegshetze und V\u00f6lkermorden Weiterf\u00fchrende Links zu<\/p>\n","protected":false},"author":1,"featured_media":431,"parent":0,"menu_order":0,"comment_status":"open","ping_status":"closed","template":"","meta":{"footnotes":""},"class_list":["post-38","page","type-page","status-publish","has-post-thumbnail","hentry"],"jetpack_sharing_enabled":true,"_links":{"self":[{"href":"https:\/\/heidenzorn.omasiso.de\/stuff\/index.php\/wp-json\/wp\/v2\/pages\/38","targetHints":{"allow":["GET"]}}],"collection":[{"href":"https:\/\/heidenzorn.omasiso.de\/stuff\/index.php\/wp-json\/wp\/v2\/pages"}],"about":[{"href":"https:\/\/heidenzorn.omasiso.de\/stuff\/index.php\/wp-json\/wp\/v2\/types\/page"}],"author":[{"embeddable":true,"href":"https:\/\/heidenzorn.omasiso.de\/stuff\/index.php\/wp-json\/wp\/v2\/users\/1"}],"replies":[{"embeddable":true,"href":"https:\/\/heidenzorn.omasiso.de\/stuff\/index.php\/wp-json\/wp\/v2\/comments?post=38"}],"version-history":[{"count":35,"href":"https:\/\/heidenzorn.omasiso.de\/stuff\/index.php\/wp-json\/wp\/v2\/pages\/38\/revisions"}],"predecessor-version":[{"id":976,"href":"https:\/\/heidenzorn.omasiso.de\/stuff\/index.php\/wp-json\/wp\/v2\/pages\/38\/revisions\/976"}],"wp:featuredmedia":[{"embeddable":true,"href":"https:\/\/heidenzorn.omasiso.de\/stuff\/index.php\/wp-json\/wp\/v2\/media\/431"}],"wp:attachment":[{"href":"https:\/\/heidenzorn.omasiso.de\/stuff\/index.php\/wp-json\/wp\/v2\/media?parent=38"}],"curies":[{"name":"wp","href":"https:\/\/api.w.org\/{rel}","templated":true}]}}